{"id":378,"date":"2017-08-16T09:16:32","date_gmt":"2017-08-16T07:16:32","guid":{"rendered":"http:\/\/medicinalplants.rs\/?page_id=378"},"modified":"2017-08-30T07:51:10","modified_gmt":"2017-08-30T05:51:10","slug":"our-team","status":"publish","type":"page","link":"https:\/\/medicinalplants.rs\/index.php\/our-team\/","title":{"rendered":"OUR TEAM"},"content":{"rendered":"<p><a href=\"http:\/\/medicinalplants.rs\/wp-content\/uploads\/2017\/08\/menkovic1.png\"><img loading=\"lazy\" decoding=\"async\" class=\"alignnone size-medium wp-image-382\" src=\"http:\/\/medicinalplants.rs\/wp-content\/uploads\/2017\/08\/menkovic1.png\" alt=\"menkovic\" width=\"121\" height=\"163\" \/><\/a>Dr. Neboj\u0161a Menkovi\u0107, Head of Scientific Sector, <a href=\"http:\/\/medicinalplants.rs\/wp-content\/uploads\/2017\/08\/CV-Menkovic.doc\">View CV<\/a><a href=\"http:\/\/medicinalplants.rs\/wp-content\/uploads\/2017\/08\/menkovic1.png\"><br \/>\n<\/a><\/p>\n<p><a href=\"http:\/\/medicinalplants.rs\/wp-content\/uploads\/2017\/08\/katarina1.png\"><img loading=\"lazy\" decoding=\"async\" class=\"  wp-image-381 alignnone\" src=\"http:\/\/medicinalplants.rs\/wp-content\/uploads\/2017\/08\/katarina1.png\" alt=\"katarina\" width=\"125\" height=\"162\" \/><\/a>Dr. Katarina \u0160avikin, Head of Pharmaceutic R&amp;D, <a href=\"http:\/\/medicinalplants.rs\/wp-content\/uploads\/2017\/08\/CV-Savikin.doc\">View CV<\/a><\/p>\n<p>Dr. Teodora Jankovi\u0107, Principal Research Fellow, <a href=\"http:\/\/medicinalplants.rs\/wp-content\/uploads\/2017\/08\/menkovic1.png\">View CV<\/a><\/p>\n<p>Dr. Gordana Zduni\u0107, Senior Resarch Associate, <a href=\"http:\/\/medicinalplants.rs\/wp-content\/uploads\/2017\/08\/menkovic1.png\">View CV<\/a><\/p>\n<p>Dr. Jelena \u017divkovi\u0107, Research Associate, <a href=\"http:\/\/medicinalplants.rs\/wp-content\/uploads\/2017\/08\/Zivkovic.doc\">View CV<\/a><\/p>\n<p>Dr. Dejan Pljevljaku\u0161i\u0107, Research Associate, <a href=\"http:\/\/medicinalplants.rs\/wp-content\/uploads\/2017\/08\/Research-experience-CV_Dejan_Pljevljakusic_2017_august2.pdf\">View CV<\/a><\/p>\n<p>Dr. Nada \u0106uji\u0107, Research Assistant , <a href=\"http:\/\/medicinalplants.rs\/wp-content\/uploads\/2017\/08\/menkovic1.png\">View CV<\/a><\/p>\n","protected":false},"excerpt":{"rendered":"<p>Dr. Neboj\u0161a Menkovi\u0107, Head of Scientific Sector, View CV Dr. Katarina \u0160avikin, Head of Pharmaceutic R&amp;D, View CV Dr. Teodora Jankovi\u0107, Principal Research Fellow, View CV Dr. Gordana Zduni\u0107, Senior Resarch Associate, View CV Dr. Jelena \u017divkovi\u0107, Research Associate, View CV Dr. Dejan Pljevljaku\u0161i\u0107, Research Associate, View CV Dr. Nada \u0106uji\u0107, Research Assistant , View&#8230; <\/p>\n","protected":false},"author":1,"featured_media":0,"parent":0,"menu_order":0,"comment_status":"closed","ping_status":"closed","template":"","meta":{"footnotes":""},"class_list":["post-378","page","type-page","status-publish","hentry"],"_links":{"self":[{"href":"https:\/\/medicinalplants.rs\/index.php\/wp-json\/wp\/v2\/pages\/378","targetHints":{"allow":["GET"]}}],"collection":[{"href":"https:\/\/medicinalplants.rs\/index.php\/wp-json\/wp\/v2\/pages"}],"about":[{"href":"https:\/\/medicinalplants.rs\/index.php\/wp-json\/wp\/v2\/types\/page"}],"author":[{"embeddable":true,"href":"https:\/\/medicinalplants.rs\/index.php\/wp-json\/wp\/v2\/users\/1"}],"replies":[{"embeddable":true,"href":"https:\/\/medicinalplants.rs\/index.php\/wp-json\/wp\/v2\/comments?post=378"}],"version-history":[{"count":5,"href":"https:\/\/medicinalplants.rs\/index.php\/wp-json\/wp\/v2\/pages\/378\/revisions"}],"predecessor-version":[{"id":397,"href":"https:\/\/medicinalplants.rs\/index.php\/wp-json\/wp\/v2\/pages\/378\/revisions\/397"}],"wp:attachment":[{"href":"https:\/\/medicinalplants.rs\/index.php\/wp-json\/wp\/v2\/media?parent=378"}],"curies":[{"name":"wp","href":"https:\/\/api.w.org\/{rel}","templated":true}]}}