{"id":236,"date":"2016-08-23T12:27:17","date_gmt":"2016-08-23T10:27:17","guid":{"rendered":"http:\/\/medicinalplants.rs\/?page_id=236"},"modified":"2018-09-17T09:52:25","modified_gmt":"2018-09-17T07:52:25","slug":"news","status":"publish","type":"page","link":"http:\/\/medicinalplants.rs\/index.php\/news\/","title":{"rendered":"NEWS"},"content":{"rendered":"<p><span lang=\"SR-LATN-RS\">Katarina \u0160avikin, Gordana Zduni\u0107 and Dejan Go\u0111evac \u00a0attended the 8th International Conference on Oxidative Stress in Skin Medicine and Biology, Andros, Greece, 6 \u2013 9th September 2018 <span id=\"result_box\" class=\"short_text\" lang=\"en\"><span class=\"\"><a href=\"http:\/\/medicinalplants.rs\/wp-content\/uploads\/2016\/08\/20180906_145350-e1537170526134.jpg\">gallery<\/a><\/span><\/span><br \/>\n<\/span><\/p>\n<p><span id=\"result_box\" class=\"short_text\" lang=\"en\"><span class=\"\">Researchers participated in the organization of the exhibition &#8220;The power of the plants&#8221; dedicated to the 70 years of the work of the Institute for medicinal plants research &#8220;Dr Josif Pan\u010di\u0107&#8221;. The exhibition was presented in the Gallery of science and technique, Serbian Academy of Science and Art. <a href=\"http:\/\/medicinalplants.rs\/index.php\/news\/exibition\/\">gallery<\/a><br \/>\n<\/span><\/span><\/p>\n<p>Researchers participated in the Museum night in May 2018 in Belgrade. The exhibition was presented in the Gallery of science and technique, Serbian Academy of Science and Art. <span id=\"result_box\" class=\"short_text\" lang=\"en\"><span class=\"\"><a href=\"http:\/\/medicinalplants.rs\/index.php\/news\/museum-night\/\">gallery<\/a><\/span><\/span><\/p>\n<p>Prof Dr. Xuan and Prof. Dr. Ye, Shanghai Institute of Materia Medica and Dr. Chen, visited Institute for Medicinal Plants Research \u201cDr. Josif Pan\u010di\u0107\u201d in December, 2017 <a href=\"http:\/\/medicinalplants.rs\/index.php\/oplenac\/\">gallery<\/a><\/p>\n<p>Terrain expedition, Maljen mountain, June, 2017 <a href=\"http:\/\/medicinalplants.rs\/index.php\/divcibare_17\/\">gallery<\/a><\/p>\n<p>Nada \u0106uji\u0107 attended the 8th Training School on Microencapsulation, in Cork, Ireland, 30.05-02.06.2016, organized by <span lang=\"SR\">BRG (Bioencapsulation Research Group).<\/span> <a href=\"http:\/\/medicinalplants.rs\/index.php\/ireland-2016\/\">gallery<\/a><\/p>\n<p>Nada \u0106uji\u0107 has been attended the XXVIII<sup>th<\/sup> International Conference on Polyphenols 2016, in Vienna, Austria, from July 11-15, 2016. <a href=\"http:\/\/medicinalplants.rs\/index.php\/vienna-2016\/\">gallery<\/a><\/p>\n<p>Dejan Pljevljakusic attended 9th Conference on Medicinal and Aromatic Plants of Southeast European Countries (9th CMAPSEEC) 26-29 May 2016, Plovdiv, Bulgaria <a href=\"http:\/\/medicinalplants.rs\/index.php\/news\/plovdiv-2016\/\">gallery<\/a><\/p>\n<p>Neboj\u0161a Menkovi\u0107, Katarina \u0160avikin and Jelena \u017divkovi\u0107 attended 9<sup>th<\/sup>\u00a0Joint\u00a0Natural Products Conference\u00a02016 <span lang=\"SR\">in\u00a0 <\/span><span lang=\"en\">Copenhagen, Denmark <a href=\"http:\/\/medicinalplants.rs\/index.php\/news\/china_2016\/\">gallery<\/a><\/span><\/p>\n<p>Nada \u0106uji\u0107 attended the International Bioscience Conference and the 6th International PSU \u2013 UNS Bioscience Conference &#8211; IBSC 2016, Novi Sad, Serbia <a href=\"http:\/\/medicinalplants.rs\/index.php\/news\/novisad-2016\/\">gallery<\/a><\/p>\n<p>Dr Katarina \u0160avikin, Dr Jelena \u017divkovi\u0107, Dr Neboj\u0161a Menkovi\u0107 and Dr Teodora Jankovi\u0107 visited Shanghai Institute of Materia Medica, Chinese Academy of Sciences within bilateral cooperation in project: &#8220;New insight in Serbian and Chinese Gentiana and Gentianella species: Validation of traditional use in hepatic disorders&#8221; <a href=\"http:\/\/medicinalplants.rs\/index.php\/news\/shanghai-2016\/\">gallery<\/a><\/p>\n<p>&nbsp;<\/p>\n","protected":false},"excerpt":{"rendered":"<p>Katarina \u0160avikin, Gordana Zduni\u0107 and Dejan Go\u0111evac \u00a0attended the 8th International Conference on Oxidative Stress in Skin Medicine and Biology, Andros, Greece, 6 \u2013 9th September 2018 gallery Researchers participated in the organization of the exhibition &#8220;The power of the plants&#8221; dedicated to the 70 years of the work of the Institute for medicinal plants&#8230; <\/p>\n","protected":false},"author":1,"featured_media":243,"parent":0,"menu_order":0,"comment_status":"closed","ping_status":"open","template":"","meta":{"footnotes":""},"class_list":["post-236","page","type-page","status-publish","has-post-thumbnail","hentry"],"_links":{"self":[{"href":"http:\/\/medicinalplants.rs\/index.php\/wp-json\/wp\/v2\/pages\/236","targetHints":{"allow":["GET"]}}],"collection":[{"href":"http:\/\/medicinalplants.rs\/index.php\/wp-json\/wp\/v2\/pages"}],"about":[{"href":"http:\/\/medicinalplants.rs\/index.php\/wp-json\/wp\/v2\/types\/page"}],"author":[{"embeddable":true,"href":"http:\/\/medicinalplants.rs\/index.php\/wp-json\/wp\/v2\/users\/1"}],"replies":[{"embeddable":true,"href":"http:\/\/medicinalplants.rs\/index.php\/wp-json\/wp\/v2\/comments?post=236"}],"version-history":[{"count":28,"href":"http:\/\/medicinalplants.rs\/index.php\/wp-json\/wp\/v2\/pages\/236\/revisions"}],"predecessor-version":[{"id":530,"href":"http:\/\/medicinalplants.rs\/index.php\/wp-json\/wp\/v2\/pages\/236\/revisions\/530"}],"wp:featuredmedia":[{"embeddable":true,"href":"http:\/\/medicinalplants.rs\/index.php\/wp-json\/wp\/v2\/media\/243"}],"wp:attachment":[{"href":"http:\/\/medicinalplants.rs\/index.php\/wp-json\/wp\/v2\/media?parent=236"}],"curies":[{"name":"wp","href":"https:\/\/api.w.org\/{rel}","templated":true}]}}